{"id":788,"date":"2022-07-21T01:46:30","date_gmt":"2022-07-21T01:46:30","guid":{"rendered":"https:\/\/nova-plac.com\/index.php\/confirmacion-de-reserva\/transaccion-fallida\/"},"modified":"2022-07-21T01:46:30","modified_gmt":"2022-07-21T01:46:30","slug":"transaccion-fallida","status":"publish","type":"page","link":"https:\/\/nova-plac.com\/index.php\/confirmacion-de-reserva\/transaccion-fallida\/","title":{"rendered":"Transacci\u00f3n fallida"},"content":{"rendered":"<p>Desafortunadamente, tu transacci\u00f3n no puede completarse en este momento. Por favor, int\u00e9ntalo de nuevo o ponte en contacto con nosotros.<\/p>\n","protected":false},"excerpt":{"rendered":"<p>Desafortunadamente, tu transacci\u00f3n no puede completarse en este momento. Por favor, int\u00e9ntalo de nuevo o ponte en contacto con nosotros.<\/p>\n","protected":false},"author":1,"featured_media":0,"parent":784,"menu_order":0,"comment_status":"closed","ping_status":"closed","template":"","meta":{"_joinchat":[],"footnotes":""},"class_list":["post-788","page","type-page","status-publish","hentry"],"aioseo_notices":[],"_links":{"self":[{"href":"https:\/\/nova-plac.com\/index.php\/wp-json\/wp\/v2\/pages\/788","targetHints":{"allow":["GET"]}}],"collection":[{"href":"https:\/\/nova-plac.com\/index.php\/wp-json\/wp\/v2\/pages"}],"about":[{"href":"https:\/\/nova-plac.com\/index.php\/wp-json\/wp\/v2\/types\/page"}],"author":[{"embeddable":true,"href":"https:\/\/nova-plac.com\/index.php\/wp-json\/wp\/v2\/users\/1"}],"replies":[{"embeddable":true,"href":"https:\/\/nova-plac.com\/index.php\/wp-json\/wp\/v2\/comments?post=788"}],"version-history":[{"count":0,"href":"https:\/\/nova-plac.com\/index.php\/wp-json\/wp\/v2\/pages\/788\/revisions"}],"up":[{"embeddable":true,"href":"https:\/\/nova-plac.com\/index.php\/wp-json\/wp\/v2\/pages\/784"}],"wp:attachment":[{"href":"https:\/\/nova-plac.com\/index.php\/wp-json\/wp\/v2\/media?parent=788"}],"curies":[{"name":"wp","href":"https:\/\/api.w.org\/{rel}","templated":true}]}}